{"id":14316,"date":"2025-08-21T01:15:04","date_gmt":"2025-08-20T23:15:04","guid":{"rendered":"https:\/\/www.camping-les-saules.com\/politique-de-confidentialite\/"},"modified":"2026-02-23T16:25:47","modified_gmt":"2026-02-23T15:25:47","slug":"politique-de-confidentialite","status":"publish","type":"page","link":"https:\/\/www.camping-les-saules.com\/de\/politique-de-confidentialite\/","title":{"rendered":"Datenschutzrichtlinie"},"content":{"rendered":"\t\t<div data-elementor-type=\"wp-page\" data-elementor-id=\"14316\" class=\"elementor elementor-14316 elementor-2717\" data-elementor-post-type=\"page\">\n\t\t\t\t\t\t<section class=\"elementor-section elementor-top-section elementor-element elementor-element-4953483c elementor-section-boxed elementor-section-height-default elementor-section-height-default\" data-id=\"4953483c\" data-element_type=\"section\" data-e-type=\"section\">\n\t\t\t\t\t\t<div class=\"elementor-container elementor-column-gap-default\">\n\t\t\t\t\t<div class=\"elementor-column elementor-col-100 elementor-top-column elementor-element elementor-element-6b5d4980\" data-id=\"6b5d4980\" data-element_type=\"column\" data-e-type=\"column\">\n\t\t\t<div class=\"elementor-widget-wrap elementor-element-populated\">\n\t\t\t\t\t\t<div class=\"elementor-element elementor-element-d9da9ee elementor-widget elementor-widget-heading\" data-id=\"d9da9ee\" data-element_type=\"widget\" data-e-type=\"widget\" data-widget_type=\"heading.default\">\n\t\t\t\t\t<h1 class=\"elementor-heading-title elementor-size-default\">Datenschutzrichtlinie<\/h1>\t\t\t\t<\/div>\n\t\t\t\t<div class=\"elementor-element elementor-element-2decaf41 elementor-widget elementor-widget-text-editor\" data-id=\"2decaf41\" data-element_type=\"widget\" data-e-type=\"widget\" data-widget_type=\"text-editor.default\">\n\t\t\t\t\t\t\t\t\t<p>Der Campingplatz Les Saules verpflichtet sich, seinen Verpflichtungen gem\u00e4\u00df den oben genannten Vorschriften und insbesondere der Allgemeinen Datenschutzverordnung (DSGVO) nachzukommen.<\/p>\n<h2>Verwendung der gesammelten pers\u00f6nlichen Daten<\/h2>\n<p>Wir k\u00f6nnen personenbezogene Daten in den folgenden F\u00e4llen sammeln:<\/p>\n<h3>Kontaktformulare<\/h3>\n<p>Wenn Sie unser Kontaktformular verwenden, sind der Name und die E-Mail-Adresse Pflichtfelder. Wir verwenden diese Daten nur, um Ihre Anfrage beantworten zu k\u00f6nnen. <\/p>\n<h3>Cookies<\/h3>\n<p>Ein Cookie ist eine Textdatei, die auf dem Ger\u00e4t des Internetnutzers erstellt wird, um Informationen \u00fcber die Navigation auf der Website zu speichern und das Ger\u00e4t wiederzuerkennen.<\/p>\n<p>Diese Website benutzt Matomo Analytics, eines der wenigen statistischen Werkzeuge, die Ihre Privatsph\u00e4re respektieren. Alle statistischen Daten, die auf&nbsp; dieser Website gesammelt werden, sind anonym und werden mit Dritten geteilt. &nbsp;<\/p>\n<p><\/p>\n<p>Sie k\u00f6nnen sich dieser Nachverfolgung widersetzen, indem Sie das H\u00e4kchen aus dem K\u00e4stchen entfernen:<\/p>\n<p>[matomo_opt_out]<\/p>\n<p><\/p>\n<p><span style=\"color: var( --e-global-color-text ); font-size: 1.2rem;\">Eingebettete Inhalte von anderen Websites<\/span><\/p>\n<p>Die Artikel auf dieser Website k\u00f6nnen eingebettete Inhalte enthalten (z.B. Videos, Bilder, Artikel&#8230;). Inhalte, die von anderen Websites eingebunden werden, verhalten sich so, als ob der Besucher diese andere Website besuchen w\u00fcrde.<\/p>\n<p>Diese Webseiten k\u00f6nnen Daten \u00fcber Sie sammeln, Cookies verwenden, Tracking-Tools von Dritten einbetten und Ihre Interaktionen mit diesen eingebetteten Inhalten verfolgen, wenn Sie ein angemeldetes Konto auf ihrer Webseite haben.<\/p>\n<h2>Schutz Ihrer pers\u00f6nlichen Daten<\/h2>\n<p>Unsere Website und alle Formulare auf unserer Plattform sind durch eine TLS-Verbindung gesch\u00fctzt. Dies erm\u00f6glicht einen sicheren Austausch Ihrer Daten mit unserer Plattform. <\/p>\n<p>Wir f\u00fchren regelm\u00e4\u00dfige Updates unserer Plattform durch und wenden alle m\u00f6glichen Sicherheitsma\u00dfnahmen an, um die Vertraulichkeit Ihrer Daten zu gew\u00e4hrleisten.<\/p>\n<h2>Nutzung und \u00dcbermittlung Ihrer pers\u00f6nlichen Daten<\/h2>\n<p>Wir werden Ihre Daten weder weiterverkaufen noch f\u00fcr pers\u00f6nliche Zwecke (wie Datamining, Profiling oder Direktmarketing) verwenden.<\/p>\n<p>Unser Hosting-Anbieter ist mit der DSGVO konform. Sie k\u00f6nnen seine Datenschutzrichtlinie unter <a href=\"https:\/\/monarobase.net\/politique-de-confidentialite\">dieser Adresse<\/a> einsehen. <\/p>\n<h2>Dauer der Speicherung Ihrer Daten<\/h2>\n<p>Die \u00fcber unsere Kontaktformulare erhaltenen Daten werden 3 Jahre lang aufbewahrt, gerechnet ab&nbsp;der Beendigung des Vertragsverh\u00e4ltnisses.<\/p>\n<p>Cookies f\u00fcr die Messung der Besucherzahlen werden 13 Monate lang gespeichert.<\/p>\n<h2>Die Rechte, die Sie \u00fcber Ihre Daten haben<\/h2>\n<p>In \u00dcbereinstimmung mit den Vorschriften \u00fcber den Schutz personenbezogener Daten, insbesondere Artikel&nbsp;15 bis 22 der DSGVO, und nachdem Sie Ihre Identit\u00e4t nachgewiesen haben, k\u00f6nnen Sie verlangen, eine Datei mit allen personenbezogenen Daten zu erhalten, die wir \u00fcber Sie gespeichert haben, einschlie\u00dflich der Daten, die Sie uns zur Verf\u00fcgung gestellt haben. Sie k\u00f6nnen auch die L\u00f6schung der Sie betreffenden personenbezogenen Daten verlangen. Dies gilt nicht f\u00fcr Daten, die f\u00fcr administrative oder rechtliche Zwecke oder aus Sicherheitsgr\u00fcnden gespeichert werden.  <\/p>\n<p>Um Ihre Rechte auszu\u00fcben, k\u00f6nnen Sie Monarobase unter folgender E-Mail-Adresse kontaktieren: camping.les.saules@orange.fr oder unter folgender Postanschrift&nbsp;: 54 Route de la Plage 29940 La For\u00eat Fouesnant, wobei Sie Ihrer Anfrage eine Kopie Ihres Personalausweises beif\u00fcgen m\u00fcssen.<\/p>\n<h3>&nbsp;<\/h3>\t\t\t\t\t\t\t\t<\/div>\n\t\t\t\t\t<\/div>\n\t\t<\/div>\n\t\t\t\t\t<\/div>\n\t\t<\/section>\n\t\t\t\t<\/div>\n\t\t","protected":false},"excerpt":{"rendered":"<p>Datenschutzrichtlinie Der Campingplatz Les Saules verpflichtet sich, seinen Verpflichtungen gem\u00e4\u00df den oben genannten Vorschriften und insbesondere der Allgemeinen Datenschutzverordnung (DSGVO) nachzukommen. Verwendung der gesammelten pers\u00f6nlichen Daten Wir k\u00f6nnen personenbezogene Daten in den folgenden F\u00e4llen sammeln: Kontaktformulare Wenn Sie unser Kontaktformular verwenden, sind der Name und die E-Mail-Adresse Pflichtfelder. Wir verwenden diese Daten nur, um Ihre [&hellip;]<\/p>\n","protected":false},"author":1,"featured_media":0,"parent":0,"menu_order":0,"comment_status":"closed","ping_status":"closed","template":"","meta":{"slim_seo":{"title":"Datenschutzbestimmungen | Camping Les Saules","description":"Lesen Sie unsere Datenschutzrichtlinie (DSGVO) und die Politik zum Schutz pers\u00f6nlicher Daten. Camping Les Saules verpflichtet sich, Ihre Privatsph\u00e4re zu sch\u00fctzen."},"footnotes":""},"class_list":["post-14316","page","type-page","status-publish","hentry"],"_links":{"self":[{"href":"https:\/\/www.camping-les-saules.com\/de\/wp-json\/wp\/v2\/pages\/14316","targetHints":{"allow":["GET"]}}],"collection":[{"href":"https:\/\/www.camping-les-saules.com\/de\/wp-json\/wp\/v2\/pages"}],"about":[{"href":"https:\/\/www.camping-les-saules.com\/de\/wp-json\/wp\/v2\/types\/page"}],"author":[{"embeddable":true,"href":"https:\/\/www.camping-les-saules.com\/de\/wp-json\/wp\/v2\/users\/1"}],"replies":[{"embeddable":true,"href":"https:\/\/www.camping-les-saules.com\/de\/wp-json\/wp\/v2\/comments?post=14316"}],"version-history":[{"count":0,"href":"https:\/\/www.camping-les-saules.com\/de\/wp-json\/wp\/v2\/pages\/14316\/revisions"}],"wp:attachment":[{"href":"https:\/\/www.camping-les-saules.com\/de\/wp-json\/wp\/v2\/media?parent=14316"}],"curies":[{"name":"wp","href":"https:\/\/api.w.org\/{rel}","templated":true}]}}