{"id":12917,"date":"2025-08-20T18:10:02","date_gmt":"2025-08-20T16:10:02","guid":{"rendered":"https:\/\/www.camping-les-saules.com\/kontakt\/"},"modified":"2026-02-23T16:30:56","modified_gmt":"2026-02-23T15:30:56","slug":"kontakt","status":"publish","type":"page","link":"https:\/\/www.camping-les-saules.com\/de\/kontakt\/","title":{"rendered":"Kontakt &amp; Anreise"},"content":{"rendered":"\t\t<div data-elementor-type=\"wp-post\" data-elementor-id=\"12917\" class=\"elementor elementor-12917 elementor-30\" data-elementor-post-type=\"page\">\n\t\t\t\t<div class=\"elementor-element elementor-element-423c37b e-flex e-con-boxed e-con e-parent\" data-id=\"423c37b\" data-element_type=\"container\" data-e-type=\"container\" data-settings=\"{&quot;background_background&quot;:&quot;classic&quot;}\">\n\t\t\t\t\t<div class=\"e-con-inner\">\n\t\t<div class=\"elementor-element elementor-element-28b3412 e-flex e-con-boxed e-con e-child\" data-id=\"28b3412\" data-element_type=\"container\" data-e-type=\"container\">\n\t\t\t\t\t<div class=\"e-con-inner\">\n\t\t\t\t<div class=\"elementor-element elementor-element-1f016ba elementor-widget elementor-widget-heading\" data-id=\"1f016ba\" data-element_type=\"widget\" data-e-type=\"widget\" data-widget_type=\"heading.default\">\n\t\t\t\t\t<h1 class=\"elementor-heading-title elementor-size-default\">Kontaktieren Sie uns<\/h1>\t\t\t\t<\/div>\n\t\t\t\t<div class=\"elementor-element elementor-element-830ec6b elementor-widget elementor-widget-text-editor\" data-id=\"830ec6b\" data-element_type=\"widget\" data-e-type=\"widget\" data-widget_type=\"text-editor.default\">\n\t\t\t\t\t\t\t\t\t<p>Das Team des Campingplatzes Les Saules steht Ihnen jederzeit zur Verf\u00fcgung, um alle Ihre Fragen zu beantworten und Sie bei der Organisation Ihres Urlaubs im S\u00fcd-Finist\u00e8re zu unterst\u00fctzen. Wenn Sie Informationen \u00fcber unsere Stellpl\u00e4tze, Mobilheime, Preise oder Aktivit\u00e4ten w\u00fcnschen, z\u00f6gern Sie bitte nicht, uns zu kontaktieren.  <\/p>\t\t\t\t\t\t\t\t<\/div>\n\t\t\t\t\t<\/div>\n\t\t\t\t<\/div>\n\t\t\t\t\t<\/div>\n\t\t\t\t<\/div>\n\t\t<div class=\"elementor-element elementor-element-4589da5 e-flex e-con-boxed e-con e-parent\" data-id=\"4589da5\" data-element_type=\"container\" data-e-type=\"container\">\n\t\t\t\t\t<div class=\"e-con-inner\">\n\t\t<div class=\"elementor-element elementor-element-13ceb46 e-con-full e-flex e-con e-child\" data-id=\"13ceb46\" data-element_type=\"container\" data-e-type=\"container\">\n\t\t\t\t<div class=\"elementor-element elementor-element-41c6dd8 elementor-widget elementor-widget-image\" data-id=\"41c6dd8\" data-element_type=\"widget\" data-e-type=\"widget\" data-widget_type=\"image.default\">\n\t\t\t\t\t\t\t\t\t\t\t\t\t\t\t\t<a href=\"https:\/\/maps.app.goo.gl\/FTPnMsyF1cShYUr58\" target=\"_blank\">\n\t\t\t\t\t\t\t<img loading=\"lazy\" decoding=\"async\" width=\"800\" height=\"883\" src=\"https:\/\/www.camping-les-saules.com\/wp-content\/uploads\/camping-les-saules-emplacement-928x1024.webp\" class=\"attachment-large size-large wp-image-19632\" alt=\"Camping les saules Stellplatz\" srcset=\"https:\/\/www.camping-les-saules.com\/wp-content\/uploads\/camping-les-saules-emplacement-928x1024.webp 928w, https:\/\/www.camping-les-saules.com\/wp-content\/uploads\/camping-les-saules-emplacement-272x300.webp 272w, https:\/\/www.camping-les-saules.com\/wp-content\/uploads\/camping-les-saules-emplacement-768x848.webp 768w, https:\/\/www.camping-les-saules.com\/wp-content\/uploads\/camping-les-saules-emplacement.webp 1024w\" sizes=\"auto, (max-width: 800px) 100vw, 800px\" \/>\t\t\t\t\t\t\t\t<\/a>\n\t\t\t\t\t\t\t\t\t\t\t\t\t\t\t<\/div>\n\t\t\t\t<div class=\"elementor-element elementor-element-b5eae58 elementor-widget elementor-widget-text-editor\" data-id=\"b5eae58\" data-element_type=\"widget\" data-e-type=\"widget\" data-widget_type=\"text-editor.default\">\n\t\t\t\t\t\t\t\t\t<p data-source-line=\"34-34\">Um Ihnen die Anreise zu erleichtern, finden Sie hier unsere GPS-Koordinaten: 47.8981714,-3.963447<\/p>\t\t\t\t\t\t\t\t<\/div>\n\t\t\t\t<\/div>\n\t\t<div class=\"elementor-element elementor-element-caa5ab0 e-con-full e-flex e-con e-child\" data-id=\"caa5ab0\" data-element_type=\"container\" data-e-type=\"container\">\n\t\t\t\t<div class=\"elementor-element elementor-element-93a94d4 elementor-widget elementor-widget-text-editor\" data-id=\"93a94d4\" data-element_type=\"widget\" data-e-type=\"widget\" data-widget_type=\"text-editor.default\">\n\t\t\t\t\t\t\t\t\t<p>Notre accueil t\u00e9l\u00e9phonique est disponible pour \u00e9changer avec vous et r\u00e9pondre \u00e0 vos demandes de r\u00e9servation : +33(0)2 98 56 98 57.<\/p><p>Sie k\u00f6nnen uns auch \u00fcber das unten stehende Kontaktformular schreiben. Wir werden uns bem\u00fchen, Ihnen so schnell wie m\u00f6glich zu antworten. <\/p>\t\t\t\t\t\t\t\t<\/div>\n\t\t\t\t<div class=\"elementor-element elementor-element-8a3c6a8 elementor-button-align-start elementor-widget__width-inherit elementor-widget-mobile__width-inherit elementor-widget elementor-widget-form\" data-id=\"8a3c6a8\" data-element_type=\"widget\" data-e-type=\"widget\" data-settings=\"{&quot;step_next_label&quot;:&quot;Weiter zu&quot;,&quot;step_previous_label&quot;:&quot;Vorherige&quot;,&quot;button_width&quot;:&quot;100&quot;,&quot;step_type&quot;:&quot;number_text&quot;,&quot;step_icon_shape&quot;:&quot;circle&quot;}\" data-widget_type=\"form.default\">\n\t\t\t\t\t\t\t<form class=\"elementor-form\" method=\"post\" name=\"Neues Formular\" aria-label=\"Neues Formular\">\n\t\t\t<input type=\"hidden\" name=\"post_id\" value=\"12917\"\/>\n\t\t\t<input type=\"hidden\" name=\"form_id\" value=\"8a3c6a8\"\/>\n\t\t\t<input type=\"hidden\" name=\"referer_title\" value=\"\" \/>\n\n\t\t\t\n\t\t\t<div class=\"elementor-form-fields-wrapper elementor-labels-above\">\n\t\t\t\t\t\t\t\t<div class=\"elementor-field-type-text elementor-field-group elementor-column elementor-field-group-name elementor-col-100 elementor-field-required elementor-mark-required\">\n\t\t\t\t\t\t\t\t\t\t\t\t<label for=\"form-field-name\" class=\"elementor-field-label\">\n\t\t\t\t\t\t\t\tName\t\t\t\t\t\t\t<\/label>\n\t\t\t\t\t\t\t\t\t\t\t\t\t\t<input size=\"1\" type=\"text\" name=\"form_fields[name]\" id=\"form-field-name\" class=\"elementor-field elementor-size-sm  elementor-field-textual\" placeholder=\"Name\" required=\"required\">\n\t\t\t\t\t\t\t\t\t\t\t<\/div>\n\t\t\t\t\t\t\t\t<div class=\"elementor-field-type-tel elementor-field-group elementor-column elementor-field-group-field_1 elementor-col-100\">\n\t\t\t\t\t\t\t\t\t\t\t\t<label for=\"form-field-field_1\" class=\"elementor-field-label\">\n\t\t\t\t\t\t\t\tTelefon\t\t\t\t\t\t\t<\/label>\n\t\t\t\t\t\t\t\t<input size=\"1\" type=\"tel\" name=\"form_fields[field_1]\" id=\"form-field-field_1\" class=\"elementor-field elementor-size-sm  elementor-field-textual\" placeholder=\"Telefon\" pattern=\"[0-9()#&amp;+*-=.]+\" title=\"Nur Nummern oder Telefon-Zeichen (#, -, *, etc) werden akzeptiert.\">\n\n\t\t\t\t\t\t<\/div>\n\t\t\t\t\t\t\t\t<div class=\"elementor-field-type-email elementor-field-group elementor-column elementor-field-group-email elementor-col-100 elementor-field-required elementor-mark-required\">\n\t\t\t\t\t\t\t\t\t\t\t\t<label for=\"form-field-email\" class=\"elementor-field-label\">\n\t\t\t\t\t\t\t\tE-Mail\t\t\t\t\t\t\t<\/label>\n\t\t\t\t\t\t\t\t\t\t\t\t\t\t<input size=\"1\" type=\"email\" name=\"form_fields[email]\" id=\"form-field-email\" class=\"elementor-field elementor-size-sm  elementor-field-textual\" placeholder=\"Mail\" required=\"required\">\n\t\t\t\t\t\t\t\t\t\t\t<\/div>\n\t\t\t\t\t\t\t\t<div class=\"elementor-field-type-textarea elementor-field-group elementor-column elementor-field-group-message elementor-col-100 elementor-field-required elementor-mark-required\">\n\t\t\t\t\t\t\t\t\t\t\t\t<label for=\"form-field-message\" class=\"elementor-field-label\">\n\t\t\t\t\t\t\t\tNachricht\t\t\t\t\t\t\t<\/label>\n\t\t\t\t\t\t<textarea class=\"elementor-field-textual elementor-field  elementor-size-sm\" name=\"form_fields[message]\" id=\"form-field-message\" rows=\"4\" placeholder=\"Nachricht\" required=\"required\"><\/textarea>\t\t\t\t<\/div>\n\t\t\t\t\t\t\t\t<div class=\"elementor-field-type-acceptance elementor-field-group elementor-column elementor-field-group-08d2206 elementor-col-100\">\n\t\t\t\t\t\t\t\t\t\t\t\t<label for=\"form-field-08d2206\" class=\"elementor-field-label\">\n\t\t\t\t\t\t\t\t<a href=\"https:\/\/www.camping-les-saules.com\/de\/politique-de-confidentialite\/\">Datenschutzrichtlinie<\/a>\t\t\t\t\t\t\t<\/label>\n\t\t\t\t\t\t\t\t<div class=\"elementor-field-subgroup\">\n\t\t\t<span class=\"elementor-field-option\">\n\t\t\t\t<input type=\"checkbox\" name=\"form_fields[08d2206]\" id=\"form-field-08d2206\" class=\"elementor-field elementor-size-sm  elementor-acceptance-field\">\n\t\t\t\t<label for=\"form-field-08d2206\">Ich bin damit einverstanden, dass meine pers\u00f6nlichen Daten verwendet werden, um mit mir in Kontakt zu treten. Meine Daten werden nicht anderweitig verarbeitet. <\/label>\t\t\t<\/span>\n\t\t<\/div>\n\t\t\t\t\t\t<\/div>\n\t\t\t\t\t\t\t\t<div class=\"elementor-field-group elementor-column elementor-field-type-submit elementor-col-100 e-form__buttons\">\n\t\t\t\t\t<button class=\"elementor-button elementor-size-sm\" type=\"submit\">\n\t\t\t\t\t\t<span class=\"elementor-button-content-wrapper\">\n\t\t\t\t\t\t\t\t\t\t\t\t\t\t\t\t\t\t\t\t\t\t<span class=\"elementor-button-text\">Senden Sie<\/span>\n\t\t\t\t\t\t\t\t\t\t\t\t\t<\/span>\n\t\t\t\t\t<\/button>\n\t\t\t\t<\/div>\n\t\t\t<\/div>\n\t\t<\/form>\n\t\t\t\t\t\t<\/div>\n\t\t\t\t<\/div>\n\t\t\t\t\t<\/div>\n\t\t\t\t<\/div>\n\t\t\t\t<\/div>\n\t\t","protected":false},"excerpt":{"rendered":"<p>Kontaktieren Sie uns Das Team des Campingplatzes Les Saules steht Ihnen jederzeit zur Verf\u00fcgung, um alle Ihre Fragen zu beantworten und Sie bei der Organisation Ihres Urlaubs im S\u00fcd-Finist\u00e8re zu unterst\u00fctzen. Wenn Sie Informationen \u00fcber unsere Stellpl\u00e4tze, Mobilheime, Preise oder Aktivit\u00e4ten w\u00fcnschen, z\u00f6gern Sie bitte nicht, uns zu kontaktieren. Um Ihnen die Anreise zu erleichtern, [&hellip;]<\/p>\n","protected":false},"author":1,"featured_media":0,"parent":0,"menu_order":0,"comment_status":"closed","ping_status":"closed","template":"","meta":{"slim_seo":{"title":"Kontakt Campingplatz Les Saules | 02 98 56 98 57","description":"Kontaktieren Sie den Campingplatz Les Saules in Fouesnant: Online-Formular. Schnelle Antwort auf Ihre Buchungsanfragen und Informationen."},"footnotes":""},"class_list":["post-12917","page","type-page","status-publish","hentry"],"_links":{"self":[{"href":"https:\/\/www.camping-les-saules.com\/de\/wp-json\/wp\/v2\/pages\/12917","targetHints":{"allow":["GET"]}}],"collection":[{"href":"https:\/\/www.camping-les-saules.com\/de\/wp-json\/wp\/v2\/pages"}],"about":[{"href":"https:\/\/www.camping-les-saules.com\/de\/wp-json\/wp\/v2\/types\/page"}],"author":[{"embeddable":true,"href":"https:\/\/www.camping-les-saules.com\/de\/wp-json\/wp\/v2\/users\/1"}],"replies":[{"embeddable":true,"href":"https:\/\/www.camping-les-saules.com\/de\/wp-json\/wp\/v2\/comments?post=12917"}],"version-history":[{"count":0,"href":"https:\/\/www.camping-les-saules.com\/de\/wp-json\/wp\/v2\/pages\/12917\/revisions"}],"wp:attachment":[{"href":"https:\/\/www.camping-les-saules.com\/de\/wp-json\/wp\/v2\/media?parent=12917"}],"curies":[{"name":"wp","href":"https:\/\/api.w.org\/{rel}","templated":true}]}}